{"id":116,"date":"2015-09-04T16:03:45","date_gmt":"2015-09-04T14:03:45","guid":{"rendered":"http:\/\/www.web20.mosellandhotel-enderttal.de\/?page_id=116"},"modified":"2025-09-28T10:55:54","modified_gmt":"2025-09-28T08:55:54","slug":"speisekarte","status":"publish","type":"page","link":"http:\/\/www.mosellandhotel-enderttal.de\/?page_id=116","title":{"rendered":"Unser Restaurant"},"content":{"rendered":"<div id=\"pl-116\"  class=\"panel-layout\" ><div id=\"pg-116-0\"  class=\"panel-grid panel-has-style\" ><div style=\"border-bottom: 1px solid #ffffe6;background-color: #ffffe6;padding: 100px 0; \" class=\"panel-row-style panel-row-style-for-116-0\" ><div id=\"pgc-116-0-0\"  class=\"panel-grid-cell\" ><div id=\"panel-116-0-0-0\" class=\"so-panel widget widget_sow-image panel-first-child\" data-index=\"0\" ><div class=\"panel-widget-style panel-widget-style-for-116-0-0-0\" ><div\n\t\t\t\n\t\t\tclass=\"so-widget-sow-image so-widget-sow-image-default-8b5b6f678277-116\"\n\t\t\t\n\t\t>\n<div class=\"sow-image-container\">\n\t\t<img \n\tsrc=\"http:\/\/www.mosellandhotel-enderttal.de\/wp-content\/uploads\/2015\/09\/DSC08529-1.jpg\" width=\"1024\" height=\"680\" srcset=\"http:\/\/www.mosellandhotel-enderttal.de\/wp-content\/uploads\/2015\/09\/DSC08529-1.jpg 1024w, http:\/\/www.mosellandhotel-enderttal.de\/wp-content\/uploads\/2015\/09\/DSC08529-1-300x199.jpg 300w, http:\/\/www.mosellandhotel-enderttal.de\/wp-content\/uploads\/2015\/09\/DSC08529-1-768x510.jpg 768w, http:\/\/www.mosellandhotel-enderttal.de\/wp-content\/uploads\/2015\/09\/DSC08529-1-480x319.jpg 480w, http:\/\/www.mosellandhotel-enderttal.de\/wp-content\/uploads\/2015\/09\/DSC08529-1-700x465.jpg 700w, http:\/\/www.mosellandhotel-enderttal.de\/wp-content\/uploads\/2015\/09\/DSC08529-1-410x272.jpg 410w, http:\/\/www.mosellandhotel-enderttal.de\/wp-content\/uploads\/2015\/09\/DSC08529-1-100x66.jpg 100w, http:\/\/www.mosellandhotel-enderttal.de\/wp-content\/uploads\/2015\/09\/DSC08529-1-275x183.jpg 275w, http:\/\/www.mosellandhotel-enderttal.de\/wp-content\/uploads\/2015\/09\/DSC08529-1-272x182.jpg 272w\" alt=\"\" \t\tclass=\"so-widget-image\"\/>\n\t<\/div>\n\n<\/div><\/div><\/div><div id=\"panel-116-0-0-1\" class=\"so-panel widget widget_sow-image panel-last-child\" data-index=\"1\" ><div class=\"panel-widget-style panel-widget-style-for-116-0-0-1\" ><div\n\t\t\t\n\t\t\tclass=\"so-widget-sow-image so-widget-sow-image-default-8b5b6f678277-116\"\n\t\t\t\n\t\t>\n<div class=\"sow-image-container\">\n\t\t<img \n\tsrc=\"http:\/\/www.mosellandhotel-enderttal.de\/wp-content\/uploads\/2015\/08\/kuchen_1.jpg\" width=\"1024\" height=\"680\" srcset=\"http:\/\/www.mosellandhotel-enderttal.de\/wp-content\/uploads\/2015\/08\/kuchen_1.jpg 1024w, http:\/\/www.mosellandhotel-enderttal.de\/wp-content\/uploads\/2015\/08\/kuchen_1-300x199.jpg 300w\" alt=\"\" \t\tclass=\"so-widget-image\"\/>\n\t<\/div>\n\n<\/div><\/div><\/div><\/div><div id=\"pgc-116-0-1\"  class=\"panel-grid-cell\" ><div id=\"panel-116-0-1-0\" class=\"so-panel widget widget_sow-image panel-first-child\" data-index=\"2\" ><div class=\"panel-widget-style panel-widget-style-for-116-0-1-0\" ><div\n\t\t\t\n\t\t\tclass=\"so-widget-sow-image so-widget-sow-image-default-8b5b6f678277-116\"\n\t\t\t\n\t\t>\n<div class=\"sow-image-container\">\n\t\t<img \n\tsrc=\"http:\/\/www.mosellandhotel-enderttal.de\/wp-content\/uploads\/2015\/08\/cropped-breich_grosser_gastraum.jpg\" width=\"1920\" height=\"600\" srcset=\"http:\/\/www.mosellandhotel-enderttal.de\/wp-content\/uploads\/2015\/08\/cropped-breich_grosser_gastraum.jpg 1920w, http:\/\/www.mosellandhotel-enderttal.de\/wp-content\/uploads\/2015\/08\/cropped-breich_grosser_gastraum-300x94.jpg 300w, http:\/\/www.mosellandhotel-enderttal.de\/wp-content\/uploads\/2015\/08\/cropped-breich_grosser_gastraum-1024x320.jpg 1024w, http:\/\/www.mosellandhotel-enderttal.de\/wp-content\/uploads\/2015\/08\/cropped-breich_grosser_gastraum-830x259.jpg 830w, http:\/\/www.mosellandhotel-enderttal.de\/wp-content\/uploads\/2015\/08\/cropped-breich_grosser_gastraum-550x172.jpg 550w, http:\/\/www.mosellandhotel-enderttal.de\/wp-content\/uploads\/2015\/08\/cropped-breich_grosser_gastraum-230x72.jpg 230w\" title=\"cropped-breich_grosser_gastraum.jpg\" alt=\"\" \t\tclass=\"so-widget-image\"\/>\n\t<\/div>\n\n<\/div><\/div><\/div><div id=\"panel-116-0-1-1\" class=\"so-panel widget widget_sow-editor panel-last-child\" data-index=\"3\" ><div class=\"panel-widget-style panel-widget-style-for-116-0-1-1\" ><div\n\t\t\t\n\t\t\tclass=\"so-widget-sow-editor so-widget-sow-editor-base\"\n\t\t\t\n\t\t>\n<div class=\"siteorigin-widget-tinymce textwidget\">\n\t<p>Die feine K\u00fcche unseres Hauses verw\u00f6hnt Sie mit wechselnden Eifeler K\u00f6stlichkeiten, mit saisonalen Angeboten, mit leckeren Salaten und Fischgerichten. Auch Vegetarisches finden Sie auf unserer Speisekarte. Nehmen Sie Platz im urigen Gew\u00f6lbekeller, im schattigen Innenhof oder im Caf\u00e9 mit Blick zur Sesselbahn.<\/p>\n<p>Laue Sommerabende lassen sich bei einem guten Glas Moselriesling am besten auf unserer Terrasse vor dem Hauseingang erleben.<\/p>\n<p>F\u00fcr Ihre pers\u00f6nliche Familienfeier bieten wir Ihnen die entsprechenden R\u00e4umlichkeiten im festlichem Ambiente.<\/p>\n<p><span class=\"cf0\"><strong><span style=\"font-family: Consolas; font-size: medium;\"><span style=\"color: #000000;\">Tischreservierungen im Restaurant \"Zum Onkel Willi\"<\/span><\/span><\/strong><\/span><\/p>\n<p>Gerne nehmen wir Ihre Tischreservierung per Mail an\u00a0<a class=\"mailto-link\" href=\"mailto:info@zum-onkel-willi.de\" target=\"_blank\" rel=\"noopener\">info@zum-onkel-willi.de<\/a>\u00a0oder auch telefonisch unter +492671\/7305<\/p>\n<p data-start=\"79\" data-end=\"410\"><strong data-start=\"79\" data-end=\"112\">Hinweis zur Tischreservierung<\/strong><br data-start=\"112\" data-end=\"115\" \/>Wir freuen uns sehr \u00fcber Ihre Reservierung und darauf, Sie bei uns begr\u00fc\u00dfen zu d\u00fcrfen. Damit wir allen G\u00e4sten einen angenehmen Aufenthalt erm\u00f6glichen k\u00f6nnen, bitten wir um Verst\u00e4ndnis, dass wir bei\u00a0<strong data-start=\"313\" data-end=\"358\">Nicht-Erscheinen ohne rechtzeitiger Absage<\/strong>\u00a0eine Geb\u00fchr von\u00a0<strong data-start=\"375\" data-end=\"397\">15,00 \u20ac pro Person<\/strong>\u00a0berechnen.( Now_Show )<\/p>\n<p data-start=\"412\" data-end=\"631\">Bitte sagen Sie Ihre Reservierung fr\u00fchzeitig ab, falls Sie verhindert sind ( mind.3 Stunden vorher ) Vielen Dank f\u00fcr Ihr Verst\u00e4ndnis und Ihre Unterst\u00fctzung!<\/p>\n<p data-start=\"412\" data-end=\"631\">Mit Ihrer Tischreservierung best\u00e4tigen Sie gleichzeitig unsere Stornobedingungen.<\/p>\n<\/div>\n<\/div><\/div><\/div><\/div><\/div><\/div><div id=\"pg-116-1\"  class=\"panel-grid panel-has-style\" ><div style=\"background-color: #ffffe6;padding: 100px 0; \" class=\"panel-row-style panel-row-style-for-116-1\" ><div id=\"pgc-116-1-0\"  class=\"panel-grid-cell\" ><div id=\"panel-116-1-0-0\" class=\"so-panel widget widget_sow-headline panel-first-child panel-last-child\" data-index=\"4\" ><div\n\t\t\t\n\t\t\tclass=\"so-widget-sow-headline so-widget-sow-headline-default-b44aa000bd70-116\"\n\t\t\t\n\t\t><div class=\"sow-headline-container \">\n\t\t\t\t\t\t<div class=\"decoration\">\n\t\t\t\t\t\t<div class=\"decoration-inside\"><\/div>\n\t\t\t\t\t<\/div>\n\t\t\t\t\t<\/div>\n<\/div><\/div><\/div><\/div><\/div><\/div>","protected":false},"excerpt":{"rendered":"<p>Die feine K\u00fcche unseres Hauses verw\u00f6hnt Sie mit wechselnden Eifeler K\u00f6stlichkeiten, mit saisonalen Angeboten, mit leckeren Salaten und Fischgerichten. Auch Vegetarisches finden Sie auf unserer Speisekarte. Nehmen Sie Platz im urigen Gew\u00f6lbekeller, im schattigen Innenhof oder im Caf\u00e9 mit Blick [&hellip;]<\/p>\n","protected":false},"author":1,"featured_media":0,"parent":0,"menu_order":3,"comment_status":"closed","ping_status":"closed","template":"","meta":{"footnotes":""},"class_list":["post-116","page","type-page","status-publish","hentry"],"_links":{"self":[{"href":"http:\/\/www.mosellandhotel-enderttal.de\/index.php?rest_route=\/wp\/v2\/pages\/116","targetHints":{"allow":["GET"]}}],"collection":[{"href":"http:\/\/www.mosellandhotel-enderttal.de\/index.php?rest_route=\/wp\/v2\/pages"}],"about":[{"href":"http:\/\/www.mosellandhotel-enderttal.de\/index.php?rest_route=\/wp\/v2\/types\/page"}],"author":[{"embeddable":true,"href":"http:\/\/www.mosellandhotel-enderttal.de\/index.php?rest_route=\/wp\/v2\/users\/1"}],"replies":[{"embeddable":true,"href":"http:\/\/www.mosellandhotel-enderttal.de\/index.php?rest_route=%2Fwp%2Fv2%2Fcomments&post=116"}],"version-history":[{"count":20,"href":"http:\/\/www.mosellandhotel-enderttal.de\/index.php?rest_route=\/wp\/v2\/pages\/116\/revisions"}],"predecessor-version":[{"id":1069,"href":"http:\/\/www.mosellandhotel-enderttal.de\/index.php?rest_route=\/wp\/v2\/pages\/116\/revisions\/1069"}],"wp:attachment":[{"href":"http:\/\/www.mosellandhotel-enderttal.de\/index.php?rest_route=%2Fwp%2Fv2%2Fmedia&parent=116"}],"curies":[{"name":"wp","href":"https:\/\/api.w.org\/{rel}","templated":true}]}}