{"id":184,"date":"2015-09-26T15:36:32","date_gmt":"2015-09-26T13:36:32","guid":{"rendered":"http:\/\/www.web20.mosellandhotel-enderttal.de\/?page_id=184"},"modified":"2023-12-21T09:47:26","modified_gmt":"2023-12-21T08:47:26","slug":"zimmer","status":"publish","type":"page","link":"http:\/\/www.mosellandhotel-enderttal.de\/?page_id=184","title":{"rendered":"Es ist Zeit f\u00fcr das Besondere"},"content":{"rendered":"<div id=\"pl-184\"  class=\"panel-layout\" ><div id=\"pg-184-0\"  class=\"panel-grid panel-has-style\" ><div class=\"siteorigin-panels-stretch rocked-stretch no-col-padding panel-row-style panel-row-style-for-184-0\" style=\"background-color: #ffffe6;padding: 10px 0; \" data-stretch-type=\"full\" ><div id=\"pgc-184-0-0\"  class=\"panel-grid-cell\" ><div id=\"panel-184-0-0-0\" class=\"so-panel widget widget_sow-slider panel-first-child\" data-index=\"0\" ><div class=\"panel-widget-style panel-widget-style-for-184-0-0-0\" ><div\n\t\t\t\n\t\t\tclass=\"so-widget-sow-slider so-widget-sow-slider-default-1561431d5332-184\"\n\t\t\t\n\t\t>\t\t\t\t<div class=\"sow-slider-base\" style=\"display: none\" tabindex=\"0\">\n\t\t\t\t\t<ul\n\t\t\t\t\tclass=\"sow-slider-images\"\n\t\t\t\t\tdata-settings=\"{&quot;pagination&quot;:true,&quot;speed&quot;:900,&quot;timeout&quot;:8000,&quot;paused&quot;:false,&quot;pause_on_hover&quot;:false,&quot;swipe&quot;:true,&quot;nav_always_show_desktop&quot;:&quot;&quot;,&quot;nav_always_show_mobile&quot;:&quot;&quot;,&quot;breakpoint&quot;:&quot;780px&quot;,&quot;unmute&quot;:false,&quot;anchor&quot;:null}\"\n\t\t\t\t\t\t\t\t\t\tdata-anchor-id=\"\"\n\t\t\t\t>\t\t<li class=\"sow-slider-image\" style=\"visibility: visible;\" >\n\t\t\t\t\t\t<img loading=\"lazy\" decoding=\"async\" width=\"1024\" height=\"680\" src=\"http:\/\/www.mosellandhotel-enderttal.de\/wp-content\/uploads\/2015\/09\/14-09-14_6255-1.jpg\" class=\"sow-slider-background-image\" alt=\"\" style=\"\" srcset=\"http:\/\/www.mosellandhotel-enderttal.de\/wp-content\/uploads\/2015\/09\/14-09-14_6255-1.jpg 1024w, http:\/\/www.mosellandhotel-enderttal.de\/wp-content\/uploads\/2015\/09\/14-09-14_6255-1-300x199.jpg 300w, http:\/\/www.mosellandhotel-enderttal.de\/wp-content\/uploads\/2015\/09\/14-09-14_6255-1-768x510.jpg 768w, http:\/\/www.mosellandhotel-enderttal.de\/wp-content\/uploads\/2015\/09\/14-09-14_6255-1-480x319.jpg 480w, http:\/\/www.mosellandhotel-enderttal.de\/wp-content\/uploads\/2015\/09\/14-09-14_6255-1-700x465.jpg 700w, http:\/\/www.mosellandhotel-enderttal.de\/wp-content\/uploads\/2015\/09\/14-09-14_6255-1-410x272.jpg 410w, http:\/\/www.mosellandhotel-enderttal.de\/wp-content\/uploads\/2015\/09\/14-09-14_6255-1-100x66.jpg 100w, http:\/\/www.mosellandhotel-enderttal.de\/wp-content\/uploads\/2015\/09\/14-09-14_6255-1-275x183.jpg 275w, http:\/\/www.mosellandhotel-enderttal.de\/wp-content\/uploads\/2015\/09\/14-09-14_6255-1-272x182.jpg 272w\" sizes=\"auto, (max-width: 1024px) 100vw, 1024px\" \/>\t\t<\/li>\n\t\t\t\t<li class=\"sow-slider-image\" style=\"visibility: hidden;\" >\n\t\t\t\t\t\t<img loading=\"lazy\" decoding=\"async\" width=\"1024\" height=\"680\" src=\"http:\/\/www.mosellandhotel-enderttal.de\/wp-content\/uploads\/2015\/09\/14-09-14_6236.jpg\" class=\"sow-slider-background-image\" alt=\"\" style=\"\" srcset=\"http:\/\/www.mosellandhotel-enderttal.de\/wp-content\/uploads\/2015\/09\/14-09-14_6236.jpg 1024w, http:\/\/www.mosellandhotel-enderttal.de\/wp-content\/uploads\/2015\/09\/14-09-14_6236-300x199.jpg 300w, http:\/\/www.mosellandhotel-enderttal.de\/wp-content\/uploads\/2015\/09\/14-09-14_6236-768x510.jpg 768w, http:\/\/www.mosellandhotel-enderttal.de\/wp-content\/uploads\/2015\/09\/14-09-14_6236-480x319.jpg 480w, http:\/\/www.mosellandhotel-enderttal.de\/wp-content\/uploads\/2015\/09\/14-09-14_6236-700x465.jpg 700w, http:\/\/www.mosellandhotel-enderttal.de\/wp-content\/uploads\/2015\/09\/14-09-14_6236-410x272.jpg 410w, http:\/\/www.mosellandhotel-enderttal.de\/wp-content\/uploads\/2015\/09\/14-09-14_6236-100x66.jpg 100w, http:\/\/www.mosellandhotel-enderttal.de\/wp-content\/uploads\/2015\/09\/14-09-14_6236-275x183.jpg 275w, http:\/\/www.mosellandhotel-enderttal.de\/wp-content\/uploads\/2015\/09\/14-09-14_6236-272x182.jpg 272w\" sizes=\"auto, (max-width: 1024px) 100vw, 1024px\" \/>\t\t<\/li>\n\t\t\t\t<li class=\"sow-slider-image\" style=\"visibility: hidden;\" >\n\t\t\t\t\t\t<img loading=\"lazy\" decoding=\"async\" width=\"1024\" height=\"680\" src=\"http:\/\/www.mosellandhotel-enderttal.de\/wp-content\/uploads\/2015\/09\/14-09-14_6261.jpg\" class=\"sow-slider-background-image\" alt=\"\" style=\"\" srcset=\"http:\/\/www.mosellandhotel-enderttal.de\/wp-content\/uploads\/2015\/09\/14-09-14_6261.jpg 1024w, http:\/\/www.mosellandhotel-enderttal.de\/wp-content\/uploads\/2015\/09\/14-09-14_6261-300x199.jpg 300w, http:\/\/www.mosellandhotel-enderttal.de\/wp-content\/uploads\/2015\/09\/14-09-14_6261-768x510.jpg 768w, http:\/\/www.mosellandhotel-enderttal.de\/wp-content\/uploads\/2015\/09\/14-09-14_6261-480x319.jpg 480w, http:\/\/www.mosellandhotel-enderttal.de\/wp-content\/uploads\/2015\/09\/14-09-14_6261-700x465.jpg 700w, http:\/\/www.mosellandhotel-enderttal.de\/wp-content\/uploads\/2015\/09\/14-09-14_6261-410x272.jpg 410w, http:\/\/www.mosellandhotel-enderttal.de\/wp-content\/uploads\/2015\/09\/14-09-14_6261-100x66.jpg 100w, http:\/\/www.mosellandhotel-enderttal.de\/wp-content\/uploads\/2015\/09\/14-09-14_6261-275x183.jpg 275w, http:\/\/www.mosellandhotel-enderttal.de\/wp-content\/uploads\/2015\/09\/14-09-14_6261-272x182.jpg 272w\" sizes=\"auto, (max-width: 1024px) 100vw, 1024px\" \/>\t\t<\/li>\n\t\t\t\t<li class=\"sow-slider-image\" style=\"visibility: hidden;\" >\n\t\t\t\t\t\t<img loading=\"lazy\" decoding=\"async\" width=\"1024\" height=\"768\" src=\"http:\/\/www.mosellandhotel-enderttal.de\/wp-content\/uploads\/2015\/09\/070.jpg\" class=\"sow-slider-background-image\" alt=\"\" style=\"\" srcset=\"http:\/\/www.mosellandhotel-enderttal.de\/wp-content\/uploads\/2015\/09\/070.jpg 1024w, http:\/\/www.mosellandhotel-enderttal.de\/wp-content\/uploads\/2015\/09\/070-300x225.jpg 300w, http:\/\/www.mosellandhotel-enderttal.de\/wp-content\/uploads\/2015\/09\/070-768x576.jpg 768w, http:\/\/www.mosellandhotel-enderttal.de\/wp-content\/uploads\/2015\/09\/070-480x360.jpg 480w, http:\/\/www.mosellandhotel-enderttal.de\/wp-content\/uploads\/2015\/09\/070-700x525.jpg 700w, http:\/\/www.mosellandhotel-enderttal.de\/wp-content\/uploads\/2015\/09\/070-410x308.jpg 410w, http:\/\/www.mosellandhotel-enderttal.de\/wp-content\/uploads\/2015\/09\/070-100x75.jpg 100w, http:\/\/www.mosellandhotel-enderttal.de\/wp-content\/uploads\/2015\/09\/070-275x206.jpg 275w\" sizes=\"auto, (max-width: 1024px) 100vw, 1024px\" \/>\t\t<\/li>\n\t\t<\/ul>\t\t\t\t<ol class=\"sow-slider-pagination\">\n\t\t\t\t\t\t\t\t\t\t\t<li><a href=\"#\" data-goto=\"0\" aria-label=\"Display slide 1\"><\/a><\/li>\n\t\t\t\t\t\t\t\t\t\t\t<li><a href=\"#\" data-goto=\"1\" aria-label=\"Display slide 2\"><\/a><\/li>\n\t\t\t\t\t\t\t\t\t\t\t<li><a href=\"#\" data-goto=\"2\" aria-label=\"Display slide 3\"><\/a><\/li>\n\t\t\t\t\t\t\t\t\t\t\t<li><a href=\"#\" data-goto=\"3\" aria-label=\"Display slide 4\"><\/a><\/li>\n\t\t\t\t\t\t\t\t\t<\/ol>\n\n\t\t\t\t<div class=\"sow-slide-nav sow-slide-nav-next\">\n\t\t\t\t\t<a href=\"#\" data-goto=\"next\" aria-label=\"Next slide\" data-action=\"next\">\n\t\t\t\t\t\t<em class=\"sow-sld-icon-thin-right\"><\/em>\n\t\t\t\t\t<\/a>\n\t\t\t\t<\/div>\n\n\t\t\t\t<div class=\"sow-slide-nav sow-slide-nav-prev\">\n\t\t\t\t\t<a href=\"#\" data-goto=\"previous\" aria-label=\"Previous slide\" data-action=\"prev\">\n\t\t\t\t\t\t<em class=\"sow-sld-icon-thin-left\"><\/em>\n\t\t\t\t\t<\/a>\n\t\t\t\t<\/div>\n\t\t\t\t<\/div><\/div><\/div><\/div><div id=\"panel-184-0-0-1\" class=\"so-panel widget widget_sow-headline panel-last-child\" data-index=\"1\" ><div class=\"panel-widget-style panel-widget-style-for-184-0-0-1\" ><div\n\t\t\t\n\t\t\tclass=\"so-widget-sow-headline so-widget-sow-headline-default-91ab148baa23-184\"\n\t\t\t\n\t\t><div class=\"sow-headline-container \">\n\t\t\t\t\t\t\t<h3 class=\"sow-headline\">\n\t\t\t\t\t\tGenie\u00dfen Sie Ihren Aufenthalt!\t\t\t\t\t\t<\/h3>\n\t\t\t\t\t\t\t\t\t\t\t\t<h4 class=\"sow-sub-headline\">\n\t\t\t\t\t\t\t\t\t\t\t\t\t<a href=\"http:\/\/www.web20.mosellandhotel-enderttal.de\/?page_id=231\" >\n\t\t\t\t\t\t\t\tUnser vielf\u00e4ltiges Angebot an Zimmerkategorien beitet f\u00fcr jeden etwas Passendes.<\/a>\t\t\t\t\t\t<\/h4>\n\t\t\t\t\t\t<\/div>\n<\/div><\/div><\/div><\/div><\/div><\/div><div id=\"pg-184-1\"  class=\"panel-grid panel-has-style\" ><div class=\"siteorigin-panels-stretch rocked-stretch no-col-padding panel-row-style panel-row-style-for-184-1\" style=\"background-color: #ffffe6;padding: 100px 0; \" data-stretch-type=\"full\" ><div id=\"pgc-184-1-0\"  class=\"panel-grid-cell\" ><div id=\"panel-184-1-0-0\" class=\"so-panel widget widget_sow-image panel-first-child\" data-index=\"2\" ><div class=\"panel-widget-style panel-widget-style-for-184-1-0-0\" ><div\n\t\t\t\n\t\t\tclass=\"so-widget-sow-image so-widget-sow-image-default-8b5b6f678277-184\"\n\t\t\t\n\t\t>\n<div class=\"sow-image-container\">\n\t\t<img \n\tsrc=\"http:\/\/www.mosellandhotel-enderttal.de\/wp-content\/uploads\/2015\/09\/070-300x225.jpg\" width=\"300\" height=\"225\" srcset=\"http:\/\/www.mosellandhotel-enderttal.de\/wp-content\/uploads\/2015\/09\/070-300x225.jpg 300w, http:\/\/www.mosellandhotel-enderttal.de\/wp-content\/uploads\/2015\/09\/070-768x576.jpg 768w, http:\/\/www.mosellandhotel-enderttal.de\/wp-content\/uploads\/2015\/09\/070.jpg 1024w, http:\/\/www.mosellandhotel-enderttal.de\/wp-content\/uploads\/2015\/09\/070-480x360.jpg 480w, http:\/\/www.mosellandhotel-enderttal.de\/wp-content\/uploads\/2015\/09\/070-700x525.jpg 700w, http:\/\/www.mosellandhotel-enderttal.de\/wp-content\/uploads\/2015\/09\/070-410x308.jpg 410w, http:\/\/www.mosellandhotel-enderttal.de\/wp-content\/uploads\/2015\/09\/070-100x75.jpg 100w, http:\/\/www.mosellandhotel-enderttal.de\/wp-content\/uploads\/2015\/09\/070-275x206.jpg 275w\" alt=\"\" \t\tclass=\"so-widget-image\"\/>\n\t<\/div>\n\n<\/div><\/div><\/div><div id=\"panel-184-1-0-1\" class=\"so-panel widget widget_sow-editor panel-last-child\" data-index=\"3\" ><div class=\"panel-widget-style panel-widget-style-for-184-1-0-1\" ><div\n\t\t\t\n\t\t\tclass=\"so-widget-sow-editor so-widget-sow-editor-base\"\n\t\t\t\n\t\t><h3 class=\"widget-title\">Standard-Zimmer<\/h3>\n<div class=\"siteorigin-widget-tinymce textwidget\">\n\t<p>Wer bei uns wohnt, der soll gut schlafen, sich wohlf\u00fchlen und wiederkommen. Behaglichkeit und Landhausstil, Komfort und Eleganz laden ein zum Tr\u00e4umen, zum Genie\u00dfen und Erhohlen.<br \/> Also: Legen Sie die F\u00fc\u00dfe hoch, lehnen Sie sich zur\u00fcck und freuen Sie sich auf Ihren Urlaub bei uns!<\/p>\n<p><a href=\"http:\/\/www.web20.mosellandhotel-enderttal.de\/?page_id=231\">Unsere Zimmerpreise.<\/a><\/p>\n<\/div>\n<\/div><\/div><\/div><\/div><div id=\"pgc-184-1-1\"  class=\"panel-grid-cell\" ><div id=\"panel-184-1-1-0\" class=\"so-panel widget widget_sow-image panel-first-child\" data-index=\"4\" ><div class=\"panel-widget-style panel-widget-style-for-184-1-1-0\" ><div\n\t\t\t\n\t\t\tclass=\"so-widget-sow-image so-widget-sow-image-default-8b5b6f678277-184\"\n\t\t\t\n\t\t>\n<div class=\"sow-image-container\">\n\t\t<img \n\tsrc=\"http:\/\/www.mosellandhotel-enderttal.de\/wp-content\/uploads\/2015\/09\/14-09-14_6236-300x199.jpg\" width=\"300\" height=\"199\" srcset=\"http:\/\/www.mosellandhotel-enderttal.de\/wp-content\/uploads\/2015\/09\/14-09-14_6236-300x199.jpg 300w, http:\/\/www.mosellandhotel-enderttal.de\/wp-content\/uploads\/2015\/09\/14-09-14_6236-768x510.jpg 768w, http:\/\/www.mosellandhotel-enderttal.de\/wp-content\/uploads\/2015\/09\/14-09-14_6236.jpg 1024w, http:\/\/www.mosellandhotel-enderttal.de\/wp-content\/uploads\/2015\/09\/14-09-14_6236-480x319.jpg 480w, http:\/\/www.mosellandhotel-enderttal.de\/wp-content\/uploads\/2015\/09\/14-09-14_6236-700x465.jpg 700w, http:\/\/www.mosellandhotel-enderttal.de\/wp-content\/uploads\/2015\/09\/14-09-14_6236-410x272.jpg 410w, http:\/\/www.mosellandhotel-enderttal.de\/wp-content\/uploads\/2015\/09\/14-09-14_6236-100x66.jpg 100w, http:\/\/www.mosellandhotel-enderttal.de\/wp-content\/uploads\/2015\/09\/14-09-14_6236-275x183.jpg 275w\" title=\"14 09 14_6236\" alt=\"\" \t\tclass=\"so-widget-image\"\/>\n\t<\/div>\n\n<\/div><\/div><\/div><div id=\"panel-184-1-1-1\" class=\"so-panel widget widget_sow-editor panel-last-child\" data-index=\"5\" ><div\n\t\t\t\n\t\t\tclass=\"so-widget-sow-editor so-widget-sow-editor-base\"\n\t\t\t\n\t\t><h3 class=\"widget-title\">Komfort-Zimmer<\/h3>\n<div class=\"siteorigin-widget-tinymce textwidget\">\n\t<p>Unser vielf\u00e4ltiges Angebot an Zimmerkategorien bietet f\u00fcr jeden etwas Passendes.<br \/>\nDie Einrichtung ist stets sehr individuell, allen gleich ist die Ausstattung mit Dusche\/WC und Sat-TV.<\/p>\n<p>Bitte beachten Sie, dass unser Haus \u00fcber keinen Lift verf\u00fcgt und somit nur \u00fcber Treppenstufen erreichbar ist.<br \/>\n\u00dcber die Au\u00dfentreppe erreichen Sie unsere Deluxezimmer.<br \/>\nDie Komfortzimmer sind aufgeteilt im 2. und 3. Obergeschoss.<br \/>\nDas Einzelzimmer ist in der 4. Etage mit leichter Dachschr\u00e4ge.<br \/>\nBei Fragen kontaktieren Sie uns gerne.<\/p>\n<\/div>\n<\/div><\/div><\/div><div id=\"pgc-184-1-2\"  class=\"panel-grid-cell\" ><div id=\"panel-184-1-2-0\" class=\"so-panel widget widget_sow-image panel-first-child\" data-index=\"6\" ><div class=\"panel-widget-style panel-widget-style-for-184-1-2-0\" ><div\n\t\t\t\n\t\t\tclass=\"so-widget-sow-image so-widget-sow-image-default-8b5b6f678277-184\"\n\t\t\t\n\t\t>\n<div class=\"sow-image-container\">\n\t\t<img \n\tsrc=\"http:\/\/www.mosellandhotel-enderttal.de\/wp-content\/uploads\/2015\/09\/14-09-14_6255-300x199.jpg\" width=\"300\" height=\"199\" srcset=\"http:\/\/www.mosellandhotel-enderttal.de\/wp-content\/uploads\/2015\/09\/14-09-14_6255-300x199.jpg 300w, http:\/\/www.mosellandhotel-enderttal.de\/wp-content\/uploads\/2015\/09\/14-09-14_6255-768x510.jpg 768w, http:\/\/www.mosellandhotel-enderttal.de\/wp-content\/uploads\/2015\/09\/14-09-14_6255.jpg 1024w, http:\/\/www.mosellandhotel-enderttal.de\/wp-content\/uploads\/2015\/09\/14-09-14_6255-480x319.jpg 480w, http:\/\/www.mosellandhotel-enderttal.de\/wp-content\/uploads\/2015\/09\/14-09-14_6255-700x465.jpg 700w, http:\/\/www.mosellandhotel-enderttal.de\/wp-content\/uploads\/2015\/09\/14-09-14_6255-410x272.jpg 410w, http:\/\/www.mosellandhotel-enderttal.de\/wp-content\/uploads\/2015\/09\/14-09-14_6255-100x66.jpg 100w, http:\/\/www.mosellandhotel-enderttal.de\/wp-content\/uploads\/2015\/09\/14-09-14_6255-275x183.jpg 275w\" title=\"14 09 14_6255\" alt=\"\" \t\tclass=\"so-widget-image\"\/>\n\t<\/div>\n\n<\/div><\/div><\/div><div id=\"panel-184-1-2-1\" class=\"so-panel widget widget_sow-editor panel-last-child\" data-index=\"7\" ><div\n\t\t\t\n\t\t\tclass=\"so-widget-sow-editor so-widget-sow-editor-base\"\n\t\t\t\n\t\t><h3 class=\"widget-title\">Deluxe-Zimmer<\/h3>\n<div class=\"siteorigin-widget-tinymce textwidget\">\n\t<p>Unsere Deluxe-Zimmer verf\u00fcgen \u00fcber ein elegantes Marmorbad mit Badewanne, Kosmetikspiegel, Haartrockner und Handtuchw\u00e4rmer.<\/p>\n<\/div>\n<\/div><\/div><\/div><\/div><\/div><div id=\"pg-184-2\"  class=\"panel-grid panel-has-style\" ><div class=\"siteorigin-panels-stretch rocked-stretch no-col-padding panel-row-style panel-row-style-for-184-2\" style=\"background-color: #ffffe6;color: #ffffe6;padding: 0% 0; \" data-stretch-type=\"full\" data-hascolor=\"hascolor\" ><div id=\"pgc-184-2-0\"  class=\"panel-grid-cell\" ><div id=\"panel-184-2-0-0\" class=\"so-panel widget widget_sow-hero panel-first-child panel-last-child\" data-index=\"8\" ><div class=\"panel-widget-style panel-widget-style-for-184-2-0-0\" ><div\n\t\t\t\n\t\t\tclass=\"so-widget-sow-hero so-widget-sow-hero-default-816a454c0b00-184 so-widget-fittext-wrapper\"\n\t\t\t data-fit-text-compressor=\"0.85\"\n\t\t>\t\t\t\t<div class=\"sow-slider-base\" style=\"display: none\" tabindex=\"0\">\n\t\t\t\t\t<ul\n\t\t\t\t\tclass=\"sow-slider-images\"\n\t\t\t\t\tdata-settings=\"{&quot;pagination&quot;:true,&quot;speed&quot;:800,&quot;timeout&quot;:8000,&quot;paused&quot;:false,&quot;pause_on_hover&quot;:false,&quot;swipe&quot;:true,&quot;nav_always_show_desktop&quot;:&quot;&quot;,&quot;nav_always_show_mobile&quot;:&quot;&quot;,&quot;breakpoint&quot;:&quot;780px&quot;,&quot;unmute&quot;:false,&quot;anchor&quot;:null}\"\n\t\t\t\t\t\t\t\t\t\tdata-anchor-id=\"\"\n\t\t\t\t>\t\t<li class=\"sow-slider-image  sow-slider-image-cover\" style=\"visibility: visible;;background-color: #333333;background-image: url(http:\/\/www.mosellandhotel-enderttal.de\/wp-content\/uploads\/2015\/08\/cochem_burg_winter.jpg)\" >\n\t\t\t\t\t<div class=\"sow-slider-image-container\">\n\t\t\t<div class=\"sow-slider-image-wrapper\">\n\t\t\t\t<h2 style=\"text-align: left\">Romantischer geht es kaum?<\/h2><div class=\"sow-hero-buttons\" style=\"text-align: left\"><div\n\t\t\t\n\t\t\tclass=\"so-widget-sow-button so-widget-sow-button-wire-64bbc7f22158\"\n\t\t\t\n\t\t><div class=\"ow-button-base ow-button-align-left\"\n>\n\t\t\t<a\n\t\t\t\t\thref=\"http:\/\/www.mosellandhotel-enderttal.de\/?page_id=510\"\n\t\t\t\t\tclass=\"sowb-button ow-icon-placement-left\" \t>\n\t\t<span>\n\t\t\t\n\t\t\tImpressionen\t\t<\/span>\n\t\t\t<\/a>\n\t<\/div>\n<\/div><\/div>\t\t\t<\/div>\n\t\t<\/div>\n\t\t\t\t<\/li>\n\t\t<\/ul>\t\t\t\t<ol class=\"sow-slider-pagination\">\n\t\t\t\t\t\t\t\t\t\t\t<li><a href=\"#\" data-goto=\"0\" aria-label=\"Display slide 1\"><\/a><\/li>\n\t\t\t\t\t\t\t\t\t<\/ol>\n\n\t\t\t\t<div class=\"sow-slide-nav sow-slide-nav-next\">\n\t\t\t\t\t<a href=\"#\" data-goto=\"next\" aria-label=\"Next slide\" data-action=\"next\">\n\t\t\t\t\t\t<em class=\"sow-sld-icon-thin-right\"><\/em>\n\t\t\t\t\t<\/a>\n\t\t\t\t<\/div>\n\n\t\t\t\t<div class=\"sow-slide-nav sow-slide-nav-prev\">\n\t\t\t\t\t<a href=\"#\" data-goto=\"previous\" aria-label=\"Previous slide\" data-action=\"prev\">\n\t\t\t\t\t\t<em class=\"sow-sld-icon-thin-left\"><\/em>\n\t\t\t\t\t<\/a>\n\t\t\t\t<\/div>\n\t\t\t\t<\/div><\/div><\/div><\/div><\/div><\/div><\/div><\/div>","protected":false},"excerpt":{"rendered":"<p>Wer bei uns wohnt, der soll gut schlafen, sich wohlf\u00fchlen und wiederkommen. Behaglichkeit und Landhausstil, Komfort und Eleganz laden ein zum Tr\u00e4umen, zum Genie\u00dfen und Erhohlen. Also: Legen Sie die F\u00fc\u00dfe hoch, lehnen Sie sich zur\u00fcck und freuen Sie sich [&hellip;]<\/p>\n","protected":false},"author":1,"featured_media":0,"parent":0,"menu_order":2,"comment_status":"closed","ping_status":"closed","template":"page-templates\/page_fullwidth.php","meta":{"footnotes":""},"class_list":["post-184","page","type-page","status-publish","hentry"],"_links":{"self":[{"href":"http:\/\/www.mosellandhotel-enderttal.de\/index.php?rest_route=\/wp\/v2\/pages\/184","targetHints":{"allow":["GET"]}}],"collection":[{"href":"http:\/\/www.mosellandhotel-enderttal.de\/index.php?rest_route=\/wp\/v2\/pages"}],"about":[{"href":"http:\/\/www.mosellandhotel-enderttal.de\/index.php?rest_route=\/wp\/v2\/types\/page"}],"author":[{"embeddable":true,"href":"http:\/\/www.mosellandhotel-enderttal.de\/index.php?rest_route=\/wp\/v2\/users\/1"}],"replies":[{"embeddable":true,"href":"http:\/\/www.mosellandhotel-enderttal.de\/index.php?rest_route=%2Fwp%2Fv2%2Fcomments&post=184"}],"version-history":[{"count":37,"href":"http:\/\/www.mosellandhotel-enderttal.de\/index.php?rest_route=\/wp\/v2\/pages\/184\/revisions"}],"predecessor-version":[{"id":1029,"href":"http:\/\/www.mosellandhotel-enderttal.de\/index.php?rest_route=\/wp\/v2\/pages\/184\/revisions\/1029"}],"wp:attachment":[{"href":"http:\/\/www.mosellandhotel-enderttal.de\/index.php?rest_route=%2Fwp%2Fv2%2Fmedia&parent=184"}],"curies":[{"name":"wp","href":"https:\/\/api.w.org\/{rel}","templated":true}]}}