{"id":38,"date":"2015-08-28T10:59:37","date_gmt":"2015-08-28T08:59:37","guid":{"rendered":"http:\/\/www.web20.mosellandhotel-enderttal.de\/?page_id=38"},"modified":"2025-09-28T10:52:35","modified_gmt":"2025-09-28T08:52:35","slug":"abg-und-impressum","status":"publish","type":"page","link":"http:\/\/www.mosellandhotel-enderttal.de\/?page_id=38","title":{"rendered":"AGB \/ Impressum"},"content":{"rendered":"<p>Lieber Gast,<\/p>\n<p>um Ihren Aufenthalt bei uns so angenehm wie m\u00f6glich zu gestalten, geh\u00f6rt auch dass Sie wissen welche Leistungen wir erbringen und welche Verbindlichkeiten Sie uns gegen\u00fcber einzuhalten haben.<\/p>\n<p>Unsere Gesch\u00e4ftsbedingungen sind Bestandteil aller Vertr\u00e4ge.<\/p>\n<p>Preise pro Zimmer, sowie pro Person und \u00dcbernachtung, inklusive Service und inklusive 19% MwSt..<br \/>\nZimmerpreise beinhalten ein reichhaltiges Fr\u00fchst\u00fcck.<\/p>\n<h3>Abschluss des Vertrages<\/h3>\n<p>Der Vertrag ist abgeschlossen, sobald das\/die Zimmer bestellt und zugesagt, oder falls eine Zusage aus Zeitgr\u00fcnden nicht mehr m\u00f6glich ist, bereitgestellt wird\/werden. Der Besteller haftet als Auftraggeber f\u00fcr alle Verpflichtungen aus diesem Vertrag gesamtschuldnerisch.<\/p>\n<h3>An- und Abreise<\/h3>\n<p>Das gebuchte Zimmer sowie der PARKPLATZ stehen Ihnen am Anreisetag ab 15.00 Uhr und am Abreisetag bis 11.00 Uhr zur Verf\u00fcgung. Sollten Sie sp\u00e4ter als 18 Uhr anreisen, bitten wir Sie uns Bescheid zu geben. Ist dies nicht geschehen, kann das Hotel \u00fcber das Zimmer verf\u00fcgen, sofern nicht ausdr\u00fccklich eine sp\u00e4tere Ankunftszeit vereinbart wurde.\u00a0 Montag und Dienstag sind unsere Ruhetage; Hotel und Restaurant bleiben nach dem Fr\u00fchst\u00fcck geschlossen. Anreisen ist aber kein Problem alle wichtigen Informationen hierzu finden Sie an der Hintert\u00fcr.<\/p>\n<h3>Leistungen und Preise<\/h3>\n<p>Die vertraglichen Leistungen ergeben sich aus den Angaben in der Reservierungsbest\u00e4tigung. Die vereinbarten Preise sind Inklusivpreise. Programm\u00e4nderungen vorbehalten.<\/p>\n<h3>Zahlungen<\/h3>\n<p>Nicht kostenfrei stornierbare Sonderraten sind nach Abschluss der Buchung f\u00e4llig und werden nicht R\u00fcckerstattet .<\/p>\n<h3>Stornierung<\/h3>\n<p>Bei Nicht Inanspruchnahme der vertraglichen Leistungen ist der Gast verpflichtet, folgenden Preis f\u00fcr die Dauer der Reservierung zu zahlen: Stornierungen und \u00c4nderungen, die mindestens 14 Tage vor Anreisedatum erfolgen, sind kostenfrei. Sp\u00e4tere Stornierungen und \u00c4nderungen werden wie folgt berechnet :<br \/>\nbis zum 8. Tag, 18:00 Uhr: 80 %<br \/>\nbis 4 Tage vor Anreise, 18:00 Uhr: 90 %<br \/>\nBei sp\u00e4terem R\u00fccktritt oder Nicht anreise ohne Stornierung werden 90 % f\u00e4llig.<br \/>\nBitte teilen Sie dem Hotel in schriftlicher Form Ihre Stornierung mit ( geltend ist das Datum des Eingangs )Bei Angeboten, an Feiertagen sowie zur Weihnachts- &amp; Silvesterzeit gelten besondere Stornierungskosten. Soweit dem Hotel dar\u00fcber hinaus aufgrund der Bestellung besondere Kosten entstanden sind, sind diese in voller H\u00f6he vom Besteller zu ersetzen.<br \/>\nWir empfehlen Ihnen den Abschluss einer Reiser\u00fccktrittskostenversicherung!<\/p>\n<p>R\u00fccktritt<\/p>\n<p>Das Hotel beh\u00e4lt sich vor, von dem Vertrag zur\u00fcckzutreten, wenn die Erbringung der Leistung durch h\u00f6here Gewalt oder Arbeitskampfma\u00dfnahmen unm\u00f6glich geworden ist, ohne dass hieraus Schadenersatzanspr\u00fcche hergeleitet werden k\u00f6nnen.<\/p>\n<h3>Schlussbestimmungen<\/h3>\n<p>Im kaufm\u00e4nnischen Verkehr sind Erf\u00fcllungsort und Gerichtsstand der Sitz des Hotels. M\u00fcndliche Abreden werden erst wirksam, wenn das Hotel diese schriftlich best\u00e4tigt hat. Sollten einzelne Bestimmungen dieser allg. Gesch\u00e4ftsbedingungen unwirksam sein, so ber\u00fchrt dies die G\u00fcltigkeit der anderen Bestimmungen nicht.<\/p>\n<p>Stand: September 2019<\/p>\n<p><strong>Impressum<\/strong><br \/>\nF\u00fcr die WWW-Seiten des Restaurants \u201cMosellandhotel im Enderttal\u201d, Cochem\/Mosel.<br \/>\nGem\u00e4\u00df \u00a7 28 BDSG widersprechen wir jeder kommerziellen Verwendung und Weitergabe unserer Daten.<\/p>\n<p>Verantwortungsbereich:<br \/>\nDas Impressum gilt nur f\u00fcr die Internetpr\u00e4senz unter den Adressen http:\/\/www.onkel-wili.de, http:\/\/www.mosellandhotel-enderttal.de und http:\/\/www.mosellandhotel-enderttal-cochem.de.<\/p>\n<p>Abgrenzung:<br \/>\nDie Web-Pr\u00e4senz ist Teil des WWW und dementsprechend mit fremden, sich jederzeit wandeln k\u00f6nnenden Web-Sites verkn\u00fcpft, die folglich auch nicht diesem Verantwortungsbereich unterliegen und f\u00fcr die nachfolgende Informationen nicht gelten. Dass die Links weder gegen Sitten noch Gesetze versto\u00dfen, wurde genau einmal gepr\u00fcft: bevor sie hier aufgenommen wurden. Solche Links, die zu fremden Webprojekten f\u00fchren, erkennen Sie daran, dass sie in einem neuen Browserfenter aufgehen und dass sie ein anderes Layout besitzen.<\/p>\n<p>Anschrift:<\/p>\n<p>Restaurant &#8222;Zum Onkel Wili&#8220;<br \/>\nInhaber: Bernd F\u00fchles<\/p>\n<p>Endertstra\u00dfe 39<br \/>\n56812 Cochem<\/p>\n<p>Fon: +49 (26 71) \u2013 73 05<br \/>\nFax: +49 (26 71) \u2013 91 06 60<br \/>\ninfo@zum-onkel-willi.de<\/p>\n<p>Registriergericht: Amtsgericht Cochem<br \/>\nSitz der Gesellschaft ist Cochem\/Mosel<br \/>\nGenehmigung nach \u00a7 14 bzw. 53c GewO<br \/>\nGewerbeordnung erteilt durch Stadtverwaltung Cochem Markt 1<br \/>\n56812 Cochem Telefon 02671-6090<br \/>\nUmsatzsteuer-Nr.: 45\/046\/4028\/1<br \/>\nInhaltlicher Verantwortlicher gem\u00e4\u00df \u00a76 MDStV:<br \/>\nBernd F\u00fchles Fotos und Texte sind Eigentum von Restaurant \u201cMosellandhotel im Enderttal\u201d, Cochem<\/p>\n<p>Rechtlicher Hinweis:<br \/>\nDer gesamte Inhalt der Website des Hotel Mosellandhotel im Enderttal ist urheberrechtlich gesch\u00fctzt. Beim Betreten der Website akzeptieren Sie, dass Sie den Inhalt nur f\u00fcr pers\u00f6nliche, nicht kommerzielle Zwecke downloaden oder ausdrucken. Copyright-Zeichen d\u00fcrfen nicht entfernt werden. Das Kopieren, Downloaden, Speichern (auf allen Medien), \u00dcbernehmen oder \u00c4ndern der Inhalte der Website f\u00fcr jeglichen Zweck ist nur mit schriftlicher Einverst\u00e4ndniserkl\u00e4rung des Hotel Mosellandhotel im Enderttal gestattet. Das Hotel bem\u00fcht sich, die Vertraulichkeit und Genauigkeit der pr\u00e4sentierten Informationen zu sichern. Trotzdem kann das Hotel Mosellandhotel im Enderttal nicht f\u00fcr Verluste oder Besch\u00e4digungen irgendwelcher Art, welche direkt oder indirekt mit dem Eintritt, der Benutzung, Leistung oder Nachforschung auf der Website oder assoziierte WebSites verbunden sind, haften. &#8222;Das Landgericht Hamburg hat mit Urteil vom 12.05.1998 entschieden, dass man durch die Ausbringung eines Links die Inhalte der gelinkten Seite gegebenenfalls mit zu verantworten hat. Dies kann \u2013 so das LG \u2013 nur dadurch verhindert werden, dass man sich ausdr\u00fccklich von diesen Inhalten distanziert. Das Hotel Moselland-hotel im Enderttal bietet auf ihrer Homepage Links zu anderen Seiten im Internet an und stellt dar\u00fcber hinaus die M\u00f6glichkeit des Bannertausches her. F\u00fcr alle diese Links gilt: Das Mosellandhotel im Enderttal betont ausdr\u00fccklich, dass es keinerlei Einfluss auf die Gestaltung und die Inhalte der gelinkten Seiten hat. Deshalb distanziert es sich hiermit ausdr\u00fccklich von allen Inhalten aller gelinkten Seiten auf der gesamten Homepage inklusive aller Unterseiten. Diese Erkl\u00e4rung gilt f\u00fcr alle auf unserer Homepage angebrachten Links und f\u00fcr alle Inhalte der Seiten, zu denen Links oder Banner des Hotel Mosellandhotel im Enderttal f\u00fchren. &#8220; Wenn Sie Erkl\u00e4rungen oder mehr Informationen zu diesen Hinweisen ben\u00f6tigen, wenden Sie sich bitte an info@zum-onkel-willi.de<\/p>\n","protected":false},"excerpt":{"rendered":"<p>Lieber Gast, um Ihren Aufenthalt bei uns so angenehm wie m\u00f6glich zu gestalten, geh\u00f6rt auch dass Sie wissen welche Leistungen wir erbringen und welche Verbindlichkeiten Sie uns gegen\u00fcber einzuhalten haben. Unsere Gesch\u00e4ftsbedingungen sind Bestandteil aller Vertr\u00e4ge. Preise pro Zimmer, sowie [&hellip;]<\/p>\n","protected":false},"author":1,"featured_media":0,"parent":0,"menu_order":0,"comment_status":"closed","ping_status":"closed","template":"","meta":{"footnotes":""},"class_list":["post-38","page","type-page","status-publish","hentry"],"_links":{"self":[{"href":"http:\/\/www.mosellandhotel-enderttal.de\/index.php?rest_route=\/wp\/v2\/pages\/38","targetHints":{"allow":["GET"]}}],"collection":[{"href":"http:\/\/www.mosellandhotel-enderttal.de\/index.php?rest_route=\/wp\/v2\/pages"}],"about":[{"href":"http:\/\/www.mosellandhotel-enderttal.de\/index.php?rest_route=\/wp\/v2\/types\/page"}],"author":[{"embeddable":true,"href":"http:\/\/www.mosellandhotel-enderttal.de\/index.php?rest_route=\/wp\/v2\/users\/1"}],"replies":[{"embeddable":true,"href":"http:\/\/www.mosellandhotel-enderttal.de\/index.php?rest_route=%2Fwp%2Fv2%2Fcomments&post=38"}],"version-history":[{"count":15,"href":"http:\/\/www.mosellandhotel-enderttal.de\/index.php?rest_route=\/wp\/v2\/pages\/38\/revisions"}],"predecessor-version":[{"id":1068,"href":"http:\/\/www.mosellandhotel-enderttal.de\/index.php?rest_route=\/wp\/v2\/pages\/38\/revisions\/1068"}],"wp:attachment":[{"href":"http:\/\/www.mosellandhotel-enderttal.de\/index.php?rest_route=%2Fwp%2Fv2%2Fmedia&parent=38"}],"curies":[{"name":"wp","href":"https:\/\/api.w.org\/{rel}","templated":true}]}}