{"id":892,"date":"2020-05-21T12:38:00","date_gmt":"2020-05-21T10:38:00","guid":{"rendered":"http:\/\/www.mosellandhotel-enderttal.de\/?page_id=892"},"modified":"2026-04-16T13:32:35","modified_gmt":"2026-04-16T11:32:35","slug":"speisekarte-3","status":"publish","type":"page","link":"http:\/\/www.mosellandhotel-enderttal.de\/?page_id=892","title":{"rendered":"Speisekarte"},"content":{"rendered":"<p><strong><em><u>Vorspeisen &amp; Suppen<\/u><\/em><\/strong><\/p>\n<p><strong><em>Gulaschsuppe <\/em><\/strong><em>\u00e0 la Oma\u00a0\u00a0\u00a0\u00a0\u00a0\u00a0\u00a0\u00a0\u00a0\u00a0\u00a0\u00a0\u00a0\u00a0\u00a0\u00a0\u00a0\u00a0\u00a0\u00a0\u00a0\u00a0\u00a0\u00a0\u00a0\u00a0\u00a0\u00a0\u00a0\u00a0\u00a0\u00a0\u00a0\u00a0\u00a0\u00a0\u00a0\u00a0\u00a0\u00a0\u00a0\u00a0\u00a0 <strong>\u20ac 7,50<\/strong><\/em><\/p>\n<p><strong><em>Tomatencremesuppe<\/em><\/strong> <em>mit Croutons<\/em><strong><em> \u00a0\u00a0\u00a0\u00a0\u00a0\u00a0\u00a0\u00a0\u00a0\u00a0\u00a0\u00a0\u00a0\u00a0 \u00a0\u00a0\u00a0\u00a0\u00a0\u00a0\u00a0\u00a0\u00a0 <\/em><\/strong><strong><em>\u20ac 6,40<\/em><\/strong><\/p>\n<p><strong><em>Eifeler Kartoffelrahmsuppe <\/em><\/strong><em>mit Croutons<strong> \u00a0\u00a0\u00a0\u00a0\u00a0\u00a0\u00a0 \u00a0\u00a0\u00a0\u00a0\u00a0 \u00a0\u00a0\u00a0\u00a0\u00a0 \u20ac 6,50<\/strong><\/em><\/p>\n<p><strong><em>Eifeler Kartoffelrahmsuppe <\/em><\/strong><strong>mit <\/strong><em>Lachsstreifen<strong> \u00a0\u00a0\u00a0\u00a0\u00a0\u00a0\u00a0\u00a0\u00a0\u00a0\u00a0\u00a0\u00a0\u00a0 \u20ac 8,50<\/strong><\/em><\/p>\n<p><strong><u>Salatteller wahlweise mit:<\/u><\/strong><\/p>\n<p><strong>&#8211; Schinken- und K\u00e4sestreifen\u00a0\u00a0\u00a0\u00a0\u00a0\u00a0\u00a0\u00a0\u00a0\u00a0\u00a0\u00a0\u00a0\u00a0\u00a0\u00a0\u00a0\u00a0\u00a0 \u00a0\u00a0\u00a0\u00a0\u00a0 \u00a0\u00a0\u00a0\u00a0\u00a0 \u20ac 17,80<\/strong><\/p>\n<p><strong>&#8211; gebackenem H\u00e4hnchenbrustfilet\u00a0\u00a0\u00a0\u00a0\u00a0\u00a0\u00a0\u00a0\u00a0\u00a0\u00a0\u00a0\u00a0\u00a0\u00a0\u00a0 \u00a0\u00a0\u00a0\u00a0\u00a0\u00a0\u00a0\u00a0\u00a0\u00a0\u00a0 \u00a0\u00a0\u00a0\u00a0\u00a0 \u20ac 19,80<\/strong><\/p>\n<p><strong>kleiner Beilagen Salat\u00a0\u00a0\u00a0\u00a0\u00a0\u00a0\u00a0\u00a0\u00a0\u00a0\u00a0\u00a0\u00a0\u00a0\u00a0\u00a0\u00a0\u00a0\u00a0\u00a0\u00a0\u00a0\u00a0\u00a0\u00a0\u00a0\u00a0\u00a0\u00a0\u00a0\u00a0\u00a0\u00a0\u00a0\u00a0\u00a0\u00a0 \u20ac\u00a0 6,20<\/strong><\/p>\n<p><strong><em>\u00a0<\/em><\/strong><\/p>\n<p><strong><em><u>F\u00fcr den kleinen Hunger<\/u><\/em><\/strong><\/p>\n<p><strong>\u00a0<\/strong><\/p>\n<p><strong>Strammer Max<\/strong><\/p>\n<p>Brot mit gekochtem Schinken und zwei Spiegeleiern<\/p>\n<p><strong>\u20ac 13,80<\/strong><\/p>\n<p><strong>\u00a0<\/strong><\/p>\n<p><strong>\u00a0<\/strong><\/p>\n<p><strong><em>\u00a0<\/em><\/strong><\/p>\n<p><strong>Allergene Information<\/strong><\/p>\n<p><strong>In allen unseren Gerichten sind Hauptallergene enthalten-teilweise k\u00f6nnen wir aber Zutaten weglassen, um ein Allergen zu vermeiden. Fragen Sie bei unserem Service, der sich mit der K\u00fcche abspricht. Alle Suppen und fast alle So\u00dfen enthalten Sellerie. Aber selbst bei sorgf\u00e4ltigster Arbeit in der K\u00fcche k\u00f6nnen alle Speisen Spuren von Kontaktallergene enthalten \u2013 deshalb bitten wir hochallergische Personen uns das mitzuteilen, damit wir Ihrem Gericht besondere Sorgfalt zukommen lassen.<\/strong><\/p>\n<p><strong>Champignonrahmschnitzel<\/strong><\/p>\n<p>mit Kartoffelr\u00f6stis &amp; Salat der Saison<\/p>\n<p><strong>\u00a0<\/strong><\/p>\n<p><strong>\u20ac 21,80<\/strong><\/p>\n<p><strong>Balkanschnitzel<\/strong><\/p>\n<p>mit Pommes frites &amp; Salat der Saison<\/p>\n<p><strong>\u20ac 21,80<\/strong><\/p>\n<p><strong><em>\u00a0<\/em><\/strong><\/p>\n<p><strong><em>Medaillons mit Gorgonzolasauce\u00a0 <\/em><\/strong><\/p>\n<p><em>auf frischen Bandnudeln<\/em><\/p>\n<p><em>&amp; Salat der Saison<\/em><\/p>\n<p><strong><em>\u00a0<\/em><\/strong><\/p>\n<p><strong><em>\u20ac 27,80<\/em><\/strong><\/p>\n<p><strong><em>\u00a0<\/em><\/strong><\/p>\n<p><strong>Kasseler vom Schweinenacken<\/strong><\/p>\n<p>auf Sauerkaut<\/p>\n<p>und Salzkartoffeln<\/p>\n<p><strong>\u00a0<\/strong><\/p>\n<p><strong>\u20ac 16,90<\/strong><\/p>\n<p><strong>\u00a0<\/strong><\/p>\n<p><strong><em>Kottelett <\/em><\/strong><\/p>\n<p><strong><em>vom Eifel Gl\u00fccksschwein<\/em><\/strong><\/p>\n<p><em>mit Kroketten<\/em><\/p>\n<p><em>und M\u00f6hrengem\u00fcse<\/em><\/p>\n<p><strong><em>\u00a0<\/em><\/strong><\/p>\n<p><strong>\u20ac 25,90<\/strong><\/p>\n<p><strong><em>\u00a0<\/em><\/strong><\/p>\n<p><strong><em>\u00a0<\/em><\/strong><\/p>\n<p><strong><em><u>\u00a0<\/u><\/em><\/strong><\/p>\n<p><strong><em><u>Vom Rind<\/u><\/em><\/strong><\/p>\n<p><strong><em><u>\u00a0<\/u><\/em><\/strong><\/p>\n<p><strong><em>argentinisches Rumpsteak<\/em><\/strong><\/p>\n<p><strong><em>\u00a0mit Gorgonzolasauce\u00a0\u00a0\u00a0 <\/em><\/strong><\/p>\n<p><em>auf frischen Bandnudeln &amp; Salat der Saison<\/em><\/p>\n<p><strong><em>\u00a0<\/em><\/strong><\/p>\n<p><strong><em>\u20ac 31,80<\/em><\/strong><\/p>\n<p><strong><em>\u00a0<\/em><\/strong><\/p>\n<p><strong><em>\u00a0<\/em><\/strong><\/p>\n<p><strong><em>argentinisches Rumpsteak wahlweise<\/em><\/strong><\/p>\n<p><em>mit Kr\u00e4uterbutter\u00a0\u00a0\u00a0 oder\u00a0\u00a0\u00a0 R\u00f6stzwiebeln<\/em><\/p>\n<p><em>mit Gratinkartoffeln &amp; Wildkr\u00e4utersalat<\/em><\/p>\n<p><strong><em>\u00a0<\/em><\/strong><\/p>\n<p><strong><em>\u20ac 31,80<\/em><\/strong><\/p>\n<p><strong><em>\u00a0<\/em><\/strong><\/p>\n<p><strong><em>\u00a0<\/em><\/strong><\/p>\n<p><strong><em>argentinisches Rumpsteak wahlweise<\/em><\/strong><\/p>\n<p><em>\u00a0mit Pfeffersauce\u00a0\u00a0\u00a0 oder\u00a0 \u00a0Champignonrahmso\u00dfe\u00a0\u00a0\u00a0\u00a0 <\/em><\/p>\n<p><em>mit Pommes-frites &amp; Salat der Saison<\/em><\/p>\n<p><strong><em>\u00a0<\/em><\/strong><\/p>\n<p><strong><em>\u20ac 31,80<\/em><\/strong><\/p>\n<p><strong>\u00a0<\/strong><\/p>\n<p><strong>\u00a0<\/strong><\/p>\n<p><strong>\u00a0<\/strong><\/p>\n<p><strong>\u201eWild Bratwurst\u201c<\/strong> aus hiesiger Jagd<\/p>\n<p>mit Bratkartoffeln<\/p>\n<p>und Rotkrautsalat<\/p>\n<p><strong>\u00a0<\/strong><\/p>\n<p><strong>\u20ac 14,80<\/strong><\/p>\n<p><strong>\u00a0<\/strong><\/p>\n<p><strong><em>\u00bd H\u00e4hnchen <\/em><\/strong><\/p>\n<p><em>mit Pommes Frites<\/em><\/p>\n<p><em>&amp; Salat de Saison<\/em><\/p>\n<p><strong><em>\u00a0<\/em><\/strong><\/p>\n<p><strong><em>\u20ac 15,20<\/em><\/strong><\/p>\n<p><strong><u>f\u00fcr unsere Vegetarier<\/u><\/strong><strong>:<\/strong><\/p>\n<p><strong>Sellerieschnitzel<\/strong> mit R\u00f6stis und<\/p>\n<p>Frischem Gem\u00fcse der Saison<\/p>\n<p><strong><em>\u20ac 19,80<\/em><\/strong><\/p>\n<p><strong>\u00a0<\/strong><\/p>\n<p><strong><u>F\u00fcr unsere Kleinen<\/u><\/strong><\/p>\n<p><strong>\u00a0<\/strong><\/p>\n<p>Chicken Nuggets mit Pommes\u00a0\u00a0\u00a0\u00a0\u00a0\u00a0\u00a0\u00a0\u00a0\u00a0\u00a0\u00a0\u00a0\u00a0 \u00a0\u00a0\u00a0\u00a0\u00a0\u00a0 \u00a0\u00a0\u00a0\u00a0\u00a0\u00a0 <strong>\u20ac\u00a0\u00a0 9,80<\/strong><\/p>\n<p>kleines Schnitzel mit Pommes\u00a0\u00a0\u00a0\u00a0\u00a0\u00a0\u00a0\u00a0\u00a0\u00a0\u00a0\u00a0\u00a0\u00a0\u00a0\u00a0\u00a0\u00a0\u00a0\u00a0\u00a0\u00a0\u00a0\u00a0\u00a0\u00a0\u00a0\u00a0\u00a0 <strong>\u20ac 11,80<\/strong><\/p>\n<p><strong><em>\u00a0<\/em><\/strong><\/p>\n<p><strong><em>Extras<\/em><\/strong><\/p>\n<p><strong>Liebevoll haben wir Ihre Gerichte zusammengestellt. \u00c4nderungen bedeuten in der K\u00fcche einen erheblichen Zeitaufwand. Daher berechnen wir f\u00fcr \u00c4nderungen auf Bratkartoffeln \u00a0\u00a0\u00a0\u00a0\u00a0\u00a0\u00a0\u00a0 2,50 \u20ac<\/strong><\/p>\n<p><strong>\u00a0\u00a0\u00a0\u00a0\u00a0\u00a0\u00a0\u00a0\u00a0\u00a0\u00a0 Portion Mayo oder Ketchup\u00a0\u00a0\u00a0\u00a0\u00a0\u00a0\u00a0\u00a0\u00a0\u00a0 je 0,70 \u20ac<\/strong><\/p>\n<p><strong>\u00a0<\/strong><\/p>\n<p><strong>Alle in der Karte vorhandenen Beilagen m\u00f6glich<\/strong><\/p>\n<p><strong>Portion So\u00dfe extra je\u00a0\u00a0\u00a0\u00a0\u00a0\u00a0\u00a0\u00a0\u00a0\u00a0\u00a0\u00a0\u00a0 2,50 \u20ac<\/strong><\/p>\n<p><strong>Portion Brot extra je\u00a0\u00a0\u00a0\u00a0\u00a0\u00a0\u00a0\u00a0\u00a0\u00a0\u00a0\u00a0\u00a0 2,50 \u20ac<\/strong><\/p>\n<p><strong><em><u>Frischer Spargel <\/u><\/em><\/strong><\/p>\n<p><strong><em>\u00a0<\/em><\/strong><\/p>\n<p><strong><em>Spargelcremesuppe<\/em><\/strong><\/p>\n<p><em>mit Spargeleinlage und\u00a0 Croutons<\/em><\/p>\n<p><em>\u00a0<\/em><\/p>\n<p><strong><em>\u00a0\u00a0\u00a0\u00a0\u00a0\u00a0\u00a0\u00a0\u00a0\u00a0\u00a0\u00a0\u00a0\u00a0\u00a0\u00a0\u00a0\u00a0\u00a0\u00a0\u00a0\u00a0\u00a0\u00a0\u00a0\u00a0\u00a0\u00a0\u00a0\u00a0\u00a0\u00a0\u00a0\u00a0\u00a0\u00a0\u00a0\u00a0\u00a0\u00a0\u00a0\u00a0\u00a0\u00a0\u00a0\u00a0\u00a0\u00a0\u00a0\u00a0\u00a0\u00a0\u00a0\u00a0\u00a0\u00a0\u00a0\u00a0\u00a0\u00a0 6,00 \u20ac<\/em><\/strong><\/p>\n<p><em>\u00a0<\/em><\/p>\n<p><strong><em>250g frischer Spargel<\/em><\/strong><\/p>\n<p><em>Sauce Hollandaise<\/em><\/p>\n<p><em>gemischte <\/em><strong><em>Schinken- Platte<\/em><\/strong><\/p>\n<p><em>mit Salzkartoffeln<\/em><\/p>\n<p><em>\u00a0<\/em><\/p>\n<p><strong><em>\u00a0\u00a0\u00a0\u00a0\u00a0\u00a0\u00a0\u00a0\u00a0\u00a0\u00a0\u00a0\u00a0\u00a0\u00a0\u00a0\u00a0\u00a0\u00a0\u00a0\u00a0\u00a0\u00a0\u00a0\u00a0\u00a0\u00a0\u00a0\u00a0\u00a0\u00a0\u00a0\u00a0\u00a0\u00a0\u00a0\u00a0\u00a0\u00a0\u00a0\u00a0\u00a0\u00a0\u00a0\u00a0\u00a0\u00a0\u00a0\u00a0\u00a0\u00a0\u00a0\u00a0\u00a0\u00a0\u00a0\u00a0\u00a0\u00a0\u00a0 \u00a025,80 \u20ac<\/em><\/strong><\/p>\n<p><em>\u00a0<\/em><\/p>\n<p><strong><em>250g frischer Spargel<\/em><\/strong><\/p>\n<p><em>Sauce Hollandaise<\/em><\/p>\n<p><strong><em>2 Medaillons vom Schweinfilet <\/em><\/strong><\/p>\n<p><em>mit Salzkartoffeln<\/em><\/p>\n<p><em>\u00a0<\/em><\/p>\n<p><strong><em>\u00a0\u00a0\u00a0\u00a0\u00a0\u00a0\u00a0\u00a0\u00a0\u00a0\u00a0\u00a0\u00a0\u00a0\u00a0\u00a0\u00a0\u00a0\u00a0\u00a0\u00a0\u00a0\u00a0\u00a0\u00a0\u00a0\u00a0\u00a0\u00a0\u00a0\u00a0\u00a0\u00a0\u00a0\u00a0\u00a0\u00a0\u00a0\u00a0\u00a0\u00a0\u00a0\u00a0\u00a0\u00a0\u00a0\u00a0\u00a0\u00a0\u00a0\u00a0\u00a0\u00a0\u00a0\u00a0\u00a0\u00a0\u00a0\u00a0\u00a0 30,80 \u20ac<\/em><\/strong><\/p>\n<p><em>\u00a0<\/em><\/p>\n<p><strong><em>250g frischer Spargel<\/em><\/strong><\/p>\n<p><em>Sauce Hollandaise<\/em><\/p>\n<p><strong><em>kleines Schnitzel vom Schweiner\u00fccken<\/em><\/strong><\/p>\n<p><em>mit Salzkartoffeln<\/em><\/p>\n<p><em>\u00a0<\/em><\/p>\n<p><strong><em>\u00a0\u00a0\u00a0\u00a0\u00a0\u00a0\u00a0\u00a0\u00a0\u00a0\u00a0\u00a0\u00a0\u00a0\u00a0\u00a0\u00a0\u00a0\u00a0\u00a0\u00a0\u00a0\u00a0\u00a0\u00a0\u00a0\u00a0\u00a0\u00a0\u00a0\u00a0\u00a0\u00a0\u00a0\u00a0\u00a0\u00a0\u00a0\u00a0\u00a0\u00a0\u00a0\u00a0\u00a0\u00a0\u00a0\u00a0\u00a0\u00a0\u00a0\u00a0\u00a0\u00a0\u00a0\u00a0\u00a0\u00a0\u00a0\u00a0\u00a0 28,30 \u20ac<\/em><\/strong><\/p>\n<p><strong><em>\u00a0<\/em><\/strong><\/p>\n<p><strong><em>250g frischer Spargel<\/em><\/strong><\/p>\n<p><em>Sauce Hollandaise<\/em><\/p>\n<p><strong><em>am gebackenem Zanderfilet<\/em><\/strong><\/p>\n<p><strong><em>Rieslingschaum<\/em><\/strong><\/p>\n<p><em>und Salzkartoffeln<\/em><\/p>\n<p><em>\u00a0<\/em><\/p>\n<p><strong><em>\u00a0\u00a0\u00a0\u00a0\u00a0\u00a0\u00a0\u00a0\u00a0\u00a0\u00a0\u00a0\u00a0\u00a0\u00a0\u00a0\u00a0\u00a0\u00a0\u00a0\u00a0\u00a0\u00a0\u00a0\u00a0\u00a0\u00a0\u00a0\u00a0\u00a0\u00a0\u00a0\u00a0\u00a0\u00a0\u00a0\u00a0\u00a0\u00a0\u00a0\u00a0\u00a0\u00a0\u00a0\u00a0\u00a0\u00a0\u00a0\u00a0\u00a0\u00a0\u00a0\u00a0\u00a0\u00a0\u00a0\u00a0\u00a0\u00a0\u00a0 32,80 \u20ac<\/em><\/strong><\/p>\n<p><strong><em>\u00a0<\/em><\/strong><\/p>\n<p><strong><em>\u00a0<\/em><\/strong><\/p>\n<p><em><u>\u00a0<\/u><\/em><\/p>\n<p><em><u>unsere heutige Empfehlung<\/u><\/em><\/p>\n<p><em>\u00a0<\/em><\/p>\n<p><em>\u00a0<\/em><\/p>\n<p><em>auf der Haut gebratener <\/em><strong><em>Kabeljaufilet<\/em><\/strong><\/p>\n<p><em>an Blattspinat und Bandnudeln<\/em><\/p>\n<p><em>\u00a0<\/em><\/p>\n<p><em>\u20ac24,90<\/em><\/p>\n<p><strong><em>\u00a0<\/em><\/strong><\/p>\n<p><strong><em>\u00a0<\/em><\/strong><\/p>\n<p><strong><em>\u00a0<\/em><\/strong><\/p>\n","protected":false},"excerpt":{"rendered":"<p>Vorspeisen &amp; Suppen Gulaschsuppe \u00e0 la Oma\u00a0\u00a0\u00a0\u00a0\u00a0\u00a0\u00a0\u00a0\u00a0\u00a0\u00a0\u00a0\u00a0\u00a0\u00a0\u00a0\u00a0\u00a0\u00a0\u00a0\u00a0\u00a0\u00a0\u00a0\u00a0\u00a0\u00a0\u00a0\u00a0\u00a0\u00a0\u00a0\u00a0\u00a0\u00a0\u00a0\u00a0\u00a0\u00a0\u00a0\u00a0\u00a0\u00a0 \u20ac 7,50 Tomatencremesuppe mit Croutons \u00a0\u00a0\u00a0\u00a0\u00a0\u00a0\u00a0\u00a0\u00a0\u00a0\u00a0\u00a0\u00a0\u00a0 \u00a0\u00a0\u00a0\u00a0\u00a0\u00a0\u00a0\u00a0\u00a0 \u20ac 6,40 Eifeler Kartoffelrahmsuppe mit Croutons \u00a0\u00a0\u00a0\u00a0\u00a0\u00a0\u00a0 \u00a0\u00a0\u00a0\u00a0\u00a0 \u00a0\u00a0\u00a0\u00a0\u00a0 \u20ac 6,50 Eifeler Kartoffelrahmsuppe mit Lachsstreifen \u00a0\u00a0\u00a0\u00a0\u00a0\u00a0\u00a0\u00a0\u00a0\u00a0\u00a0\u00a0\u00a0\u00a0 \u20ac 8,50 Salatteller wahlweise mit: &#8211; Schinken- und K\u00e4sestreifen\u00a0\u00a0\u00a0\u00a0\u00a0\u00a0\u00a0\u00a0\u00a0\u00a0\u00a0\u00a0\u00a0\u00a0\u00a0\u00a0\u00a0\u00a0\u00a0 \u00a0\u00a0\u00a0\u00a0\u00a0 [&hellip;]<\/p>\n","protected":false},"author":1,"featured_media":0,"parent":0,"menu_order":0,"comment_status":"closed","ping_status":"closed","template":"","meta":{"footnotes":""},"class_list":["post-892","page","type-page","status-publish","hentry"],"_links":{"self":[{"href":"http:\/\/www.mosellandhotel-enderttal.de\/index.php?rest_route=\/wp\/v2\/pages\/892","targetHints":{"allow":["GET"]}}],"collection":[{"href":"http:\/\/www.mosellandhotel-enderttal.de\/index.php?rest_route=\/wp\/v2\/pages"}],"about":[{"href":"http:\/\/www.mosellandhotel-enderttal.de\/index.php?rest_route=\/wp\/v2\/types\/page"}],"author":[{"embeddable":true,"href":"http:\/\/www.mosellandhotel-enderttal.de\/index.php?rest_route=\/wp\/v2\/users\/1"}],"replies":[{"embeddable":true,"href":"http:\/\/www.mosellandhotel-enderttal.de\/index.php?rest_route=%2Fwp%2Fv2%2Fcomments&post=892"}],"version-history":[{"count":17,"href":"http:\/\/www.mosellandhotel-enderttal.de\/index.php?rest_route=\/wp\/v2\/pages\/892\/revisions"}],"predecessor-version":[{"id":1085,"href":"http:\/\/www.mosellandhotel-enderttal.de\/index.php?rest_route=\/wp\/v2\/pages\/892\/revisions\/1085"}],"wp:attachment":[{"href":"http:\/\/www.mosellandhotel-enderttal.de\/index.php?rest_route=%2Fwp%2Fv2%2Fmedia&parent=892"}],"curies":[{"name":"wp","href":"https:\/\/api.w.org\/{rel}","templated":true}]}}